{"id":1497,"date":"2025-08-11T15:33:41","date_gmt":"2025-08-11T13:33:41","guid":{"rendered":"http:\/\/alfarella-golf.local\/?page_id=1497"},"modified":"2025-08-11T16:21:07","modified_gmt":"2025-08-11T14:21:07","slug":"terminos-de-uso","status":"publish","type":"page","link":"https:\/\/viventarealestate.es\/pl\/terminos-de-uso\/","title":{"rendered":"Warunki u\u017cytkowania"},"content":{"rendered":"<div data-elementor-type=\"wp-page\" data-elementor-id=\"1497\" class=\"elementor elementor-1497\">\n\t\t\t\t<div class=\"elementor-element elementor-element-b75c1bd e-flex e-con-boxed wpr-particle-no wpr-jarallax-no wpr-parallax-no wpr-sticky-section-no e-con e-parent\" data-id=\"b75c1bd\" data-element_type=\"container\" data-e-type=\"container\">\n\t\t\t\t\t<div class=\"e-con-inner\">\n\t\t\t\t<div class=\"elementor-element elementor-element-1af9efb elementor-widget elementor-widget-shortcode\" data-id=\"1af9efb\" data-element_type=\"widget\" data-e-type=\"widget\" data-widget_type=\"shortcode.default\">\n\t\t\t\t\t\t\t<div class=\"elementor-shortcode\">    <div class=\"terminos-uso\">\r\n        <h2>Warunki u\u017cytkowania<\/h2>\r\n        <p>Niniejszy tekst okre\u015bla warunki korzystania ze strony internetowej. <strong>[viventarealestate.es]<\/strong>, w\u0142asno\u015b\u0107 <strong>[VIVENTA NIERUCHOMO\u015a\u0106 SL]<\/strong>, z CIF\/NIP <strong>[B85950145]<\/strong> i w domu w <strong>[CALLE NU\u00d1EZ DE BALBOA, NUM 119]<\/strong>.<\/p>\r\n        <p>Korzystanie z tej strony internetowej oznacza pe\u0142n\u0105 akceptacj\u0119 okre\u015blonych tutaj warunk\u00f3w. U\u017cytkownik zobowi\u0105zuje si\u0119 do w\u0142a\u015bciwego korzystania z tre\u015bci i us\u0142ug poprzez powstrzymanie si\u0119 od ich wykorzystywania do niezgodnych z prawem dzia\u0142a\u0144 sprzecznych z dobr\u0105 wiar\u0105 lub porz\u0105dkiem publicznym.<\/p>\r\n        <p>Powielanie, rozpowszechnianie lub modyfikowanie tre\u015bci w ca\u0142o\u015bci lub w cz\u0119\u015bci jest zakazane bez wyra\u017anej zgody podmiotu praw autorskich.<\/p>\r\n        <p>Operator nie ponosi odpowiedzialno\u015bci za \u017cadne szkody, kt\u00f3re mog\u0105 wynikn\u0105\u0107 z korzystania ze strony internetowej lub z jakichkolwiek zewn\u0119trznych link\u00f3w, kt\u00f3re mog\u0105 zosta\u0107 przekierowane na strony zewn\u0119trzne.<\/p>\r\n        <p>Stosunek mi\u0119dzy u\u017cytkownikiem a posiadaczem podlega prawu hiszpa\u0144skiemu, a wszelkie spory rozstrzygane s\u0105 przed s\u0105dami: <strong>[MADRYT]<\/strong>.<\/p>\r\n    <\/div>\r\n    \n<\/div>\n\t\t\t\t\t\t<\/div>\n\t\t\t\t\t<\/div>\n\t\t\t\t<\/div>\n\t\t<div class=\"elementor-element elementor-element-05c2556 e-flex e-con-boxed wpr-particle-no wpr-jarallax-no wpr-parallax-no wpr-sticky-section-no e-con e-parent\" data-id=\"05c2556\" data-element_type=\"container\" data-e-type=\"container\">\n\t\t\t\t\t<div class=\"e-con-inner\">\n\t\t\t\t<div class=\"elementor-element elementor-element-cdf76ba elementor-widget elementor-widget-spacer\" data-id=\"cdf76ba\" data-element_type=\"widget\" data-e-type=\"widget\" data-widget_type=\"spacer.default\">\n\t\t\t\t\t\t\t<div class=\"elementor-spacer\">\n\t\t\t<div class=\"elementor-spacer-inner\"><\/div>\n\t\t<\/div>\n\t\t\t\t\t\t<\/div>\n\t\t\t\t\t<\/div>\n\t\t\t\t<\/div>\n\t\t\t\t<\/div>","protected":false},"excerpt":{"rendered":"","protected":false},"author":1,"featured_media":0,"parent":0,"menu_order":0,"comment_status":"closed","ping_status":"closed","template":"","meta":{"_acf_changed":false,"footnotes":""},"class_list":["post-1497","page","type-page","status-publish","hentry"],"acf":[],"yoast_head":"<!-- This site is optimized with the Yoast SEO plugin v27.2 - https:\/\/yoast.com\/product\/yoast-seo-wordpress\/ -->\n<title>T\u00e9rminos de uso - Viventa Real Estate<\/title>\n<meta name=\"robots\" content=\"index, follow, max-snippet:-1, max-image-preview:large, max-video-preview:-1\" \/>\n<link rel=\"canonical\" href=\"https:\/\/viventarealestate.es\/pl\/terminos-de-uso\/\" \/>\n<meta property=\"og:locale\" content=\"pl_PL\" \/>\n<meta property=\"og:type\" content=\"article\" \/>\n<meta property=\"og:title\" content=\"T\u00e9rminos de uso - Viventa Real Estate\" \/>\n<meta property=\"og:url\" content=\"https:\/\/viventarealestate.es\/pl\/terminos-de-uso\/\" \/>\n<meta property=\"og:site_name\" content=\"Viventa Real Estate\" \/>\n<meta property=\"article:modified_time\" content=\"2025-08-11T14:21:07+00:00\" \/>\n<meta property=\"og:image\" content=\"https:\/\/viventarealestate.es\/wp-content\/uploads\/2021\/12\/logo-Photoroom.png\" \/>\n\t<meta property=\"og:image:width\" content=\"1280\" \/>\n\t<meta property=\"og:image:height\" content=\"444\" \/>\n\t<meta property=\"og:image:type\" content=\"image\/png\" \/>\n<meta name=\"twitter:card\" content=\"summary_large_image\" \/>\n<script type=\"application\/ld+json\" class=\"yoast-schema-graph\">{\"@context\":\"https:\/\/schema.org\",\"@graph\":[{\"@type\":\"WebPage\",\"@id\":\"https:\/\/viventarealestate.es\/nl\/terminos-de-uso\/\",\"url\":\"https:\/\/viventarealestate.es\/nl\/terminos-de-uso\/\",\"name\":\"T\u00e9rminos de uso - Viventa Real Estate\",\"isPartOf\":{\"@id\":\"https:\/\/viventarealestate.es\/zh\/#website\"},\"datePublished\":\"2025-08-11T13:33:41+00:00\",\"dateModified\":\"2025-08-11T14:21:07+00:00\",\"breadcrumb\":{\"@id\":\"https:\/\/viventarealestate.es\/nl\/terminos-de-uso\/#breadcrumb\"},\"inLanguage\":\"pl-PL\",\"potentialAction\":[{\"@type\":\"ReadAction\",\"target\":[\"https:\/\/viventarealestate.es\/nl\/terminos-de-uso\/\"]}]},{\"@type\":\"BreadcrumbList\",\"@id\":\"https:\/\/viventarealestate.es\/nl\/terminos-de-uso\/#breadcrumb\",\"itemListElement\":[{\"@type\":\"ListItem\",\"position\":1,\"name\":\"Portada\",\"item\":\"https:\/\/viventarealestate.es\/\"},{\"@type\":\"ListItem\",\"position\":2,\"name\":\"T\u00e9rminos de uso\"}]},{\"@type\":\"WebSite\",\"@id\":\"https:\/\/viventarealestate.es\/zh\/#website\",\"url\":\"https:\/\/viventarealestate.es\/zh\/\",\"name\":\"Viventa Real Estate\",\"description\":\"Empresa inmobiliaria\",\"publisher\":{\"@id\":\"https:\/\/viventarealestate.es\/zh\/#organization\"},\"alternateName\":\"Viviendas de lujo en la Costa Blanca y Villas exclusivas\",\"potentialAction\":[{\"@type\":\"SearchAction\",\"target\":{\"@type\":\"EntryPoint\",\"urlTemplate\":\"https:\/\/viventarealestate.es\/zh\/?s={search_term_string}\"},\"query-input\":{\"@type\":\"PropertyValueSpecification\",\"valueRequired\":true,\"valueName\":\"search_term_string\"}}],\"inLanguage\":\"pl-PL\"},{\"@type\":\"Organization\",\"@id\":\"https:\/\/viventarealestate.es\/zh\/#organization\",\"name\":\"Viventa Real Estate\",\"alternateName\":\"Viventa Real Estate S.L\",\"url\":\"https:\/\/viventarealestate.es\/zh\/\",\"logo\":{\"@type\":\"ImageObject\",\"inLanguage\":\"pl-PL\",\"@id\":\"https:\/\/viventarealestate.es\/zh\/#\/schema\/logo\/image\/\",\"url\":\"https:\/\/viventarealestate.es\/wp-content\/uploads\/2021\/12\/logo-Photoroom.png\",\"contentUrl\":\"https:\/\/viventarealestate.es\/wp-content\/uploads\/2021\/12\/logo-Photoroom.png\",\"width\":1280,\"height\":444,\"caption\":\"Viventa Real Estate\"},\"image\":{\"@id\":\"https:\/\/viventarealestate.es\/zh\/#\/schema\/logo\/image\/\"}}]}<\/script>\n<!-- \/ Yoast SEO plugin. -->","yoast_head_json":{"title":"T\u00e9rminos de uso - Viventa Real Estate","robots":{"index":"index","follow":"follow","max-snippet":"max-snippet:-1","max-image-preview":"max-image-preview:large","max-video-preview":"max-video-preview:-1"},"canonical":"https:\/\/viventarealestate.es\/pl\/terminos-de-uso\/","og_locale":"pl_PL","og_type":"article","og_title":"T\u00e9rminos de uso - Viventa Real Estate","og_url":"https:\/\/viventarealestate.es\/pl\/terminos-de-uso\/","og_site_name":"Viventa Real Estate","article_modified_time":"2025-08-11T14:21:07+00:00","og_image":[{"width":1280,"height":444,"url":"https:\/\/viventarealestate.es\/wp-content\/uploads\/2021\/12\/logo-Photoroom.png","type":"image\/png"}],"twitter_card":"summary_large_image","schema":{"@context":"https:\/\/schema.org","@graph":[{"@type":"WebPage","@id":"https:\/\/viventarealestate.es\/nl\/terminos-de-uso\/","url":"https:\/\/viventarealestate.es\/nl\/terminos-de-uso\/","name":"T\u00e9rminos de uso - Viventa Real Estate","isPartOf":{"@id":"https:\/\/viventarealestate.es\/zh\/#website"},"datePublished":"2025-08-11T13:33:41+00:00","dateModified":"2025-08-11T14:21:07+00:00","breadcrumb":{"@id":"https:\/\/viventarealestate.es\/nl\/terminos-de-uso\/#breadcrumb"},"inLanguage":"pl-PL","potentialAction":[{"@type":"ReadAction","target":["https:\/\/viventarealestate.es\/nl\/terminos-de-uso\/"]}]},{"@type":"BreadcrumbList","@id":"https:\/\/viventarealestate.es\/nl\/terminos-de-uso\/#breadcrumb","itemListElement":[{"@type":"ListItem","position":1,"name":"Portada","item":"https:\/\/viventarealestate.es\/"},{"@type":"ListItem","position":2,"name":"T\u00e9rminos de uso"}]},{"@type":"WebSite","@id":"https:\/\/viventarealestate.es\/zh\/#website","url":"https:\/\/viventarealestate.es\/zh\/","name":"Viventa Real Estate","description":"Empresa inmobiliaria","publisher":{"@id":"https:\/\/viventarealestate.es\/zh\/#organization"},"alternateName":"Viviendas de lujo en la Costa Blanca y Villas exclusivas","potentialAction":[{"@type":"SearchAction","target":{"@type":"EntryPoint","urlTemplate":"https:\/\/viventarealestate.es\/zh\/?s={search_term_string}"},"query-input":{"@type":"PropertyValueSpecification","valueRequired":true,"valueName":"search_term_string"}}],"inLanguage":"pl-PL"},{"@type":"Organization","@id":"https:\/\/viventarealestate.es\/zh\/#organization","name":"Viventa Real Estate","alternateName":"Viventa Real Estate S.L","url":"https:\/\/viventarealestate.es\/zh\/","logo":{"@type":"ImageObject","inLanguage":"pl-PL","@id":"https:\/\/viventarealestate.es\/zh\/#\/schema\/logo\/image\/","url":"https:\/\/viventarealestate.es\/wp-content\/uploads\/2021\/12\/logo-Photoroom.png","contentUrl":"https:\/\/viventarealestate.es\/wp-content\/uploads\/2021\/12\/logo-Photoroom.png","width":1280,"height":444,"caption":"Viventa Real Estate"},"image":{"@id":"https:\/\/viventarealestate.es\/zh\/#\/schema\/logo\/image\/"}}]}},"_links":{"self":[{"href":"https:\/\/viventarealestate.es\/pl\/wp-json\/wp\/v2\/pages\/1497","targetHints":{"allow":["GET"]}}],"collection":[{"href":"https:\/\/viventarealestate.es\/pl\/wp-json\/wp\/v2\/pages"}],"about":[{"href":"https:\/\/viventarealestate.es\/pl\/wp-json\/wp\/v2\/types\/page"}],"author":[{"embeddable":true,"href":"https:\/\/viventarealestate.es\/pl\/wp-json\/wp\/v2\/users\/1"}],"replies":[{"embeddable":true,"href":"https:\/\/viventarealestate.es\/pl\/wp-json\/wp\/v2\/comments?post=1497"}],"version-history":[{"count":13,"href":"https:\/\/viventarealestate.es\/pl\/wp-json\/wp\/v2\/pages\/1497\/revisions"}],"predecessor-version":[{"id":1600,"href":"https:\/\/viventarealestate.es\/pl\/wp-json\/wp\/v2\/pages\/1497\/revisions\/1600"}],"wp:attachment":[{"href":"https:\/\/viventarealestate.es\/pl\/wp-json\/wp\/v2\/media?parent=1497"}],"curies":[{"name":"wp","href":"https:\/\/api.w.org\/{rel}","templated":true}]}}