{"id":1497,"date":"2025-08-11T15:33:41","date_gmt":"2025-08-11T13:33:41","guid":{"rendered":"http:\/\/alfarella-golf.local\/?page_id=1497"},"modified":"2025-08-11T16:21:07","modified_gmt":"2025-08-11T14:21:07","slug":"terminos-de-uso","status":"publish","type":"page","link":"https:\/\/viventarealestate.es\/nb\/terminos-de-uso\/","title":{"rendered":"Vilk\u00e5r for bruk"},"content":{"rendered":"<div data-elementor-type=\"wp-page\" data-elementor-id=\"1497\" class=\"elementor elementor-1497\">\n\t\t\t\t<div class=\"elementor-element elementor-element-b75c1bd e-flex e-con-boxed wpr-particle-no wpr-jarallax-no wpr-parallax-no wpr-sticky-section-no e-con e-parent\" data-id=\"b75c1bd\" data-element_type=\"container\" data-e-type=\"container\">\n\t\t\t\t\t<div class=\"e-con-inner\">\n\t\t\t\t<div class=\"elementor-element elementor-element-1af9efb elementor-widget elementor-widget-shortcode\" data-id=\"1af9efb\" data-element_type=\"widget\" data-e-type=\"widget\" data-widget_type=\"shortcode.default\">\n\t\t\t\t\t\t\t<div class=\"elementor-shortcode\">    <div class=\"terminos-uso\">\r\n        <h2>Vilk\u00e5r for bruk<\/h2>\r\n        <p>Denne teksten beskriver vilk\u00e5rene for bruk av nettstedet <strong>[viventarealestate.es]<\/strong>, som eies av <strong>[VIVENTA ekte ESTATE SL]<\/strong>, Sammen med CIF\/NIF <strong>[B85950145]<\/strong> og bosted i <strong>[CALLE NU\u00d1EZ DE BALBOA, NUM 119]<\/strong>.<\/p>\r\n        <p>Bruken av dette nettstedet inneb\u00e6rer full aksept av vilk\u00e5rene som er angitt her. Brukeren forplikter seg til \u00e5 gj\u00f8re riktig bruk av innholdet og tjenestene, og avst\u00e5 fra \u00e5 bruke dem til ulovlige aktiviteter, i strid med god tro eller offentlig orden.<\/p>\r\n        <p>Reproduksjon, distribusjon eller fullstendig eller delvis endring av innholdet er forbudt uten uttrykkelig tillatelse fra eieren.<\/p>\r\n        <p>Eieren er ikke ansvarlig for eventuelle skader som kan oppst\u00e5 ved bruk av nettstedet eller eksterne lenker som kan omdirigere til andre nettsteder.<\/p>\r\n        <p>Forholdet mellom brukeren og eieren vil bli styrt av spansk lov og eventuelle tvister vil bli sendt til domstolene og domstolene i <strong>[MADRID]<\/strong>.<\/p>\r\n    <\/div>\r\n    \n<\/div>\n\t\t\t\t\t\t<\/div>\n\t\t\t\t\t<\/div>\n\t\t\t\t<\/div>\n\t\t<div class=\"elementor-element elementor-element-05c2556 e-flex e-con-boxed wpr-particle-no wpr-jarallax-no wpr-parallax-no wpr-sticky-section-no e-con e-parent\" data-id=\"05c2556\" data-element_type=\"container\" data-e-type=\"container\">\n\t\t\t\t\t<div class=\"e-con-inner\">\n\t\t\t\t<div class=\"elementor-element elementor-element-cdf76ba elementor-widget elementor-widget-spacer\" data-id=\"cdf76ba\" data-element_type=\"widget\" data-e-type=\"widget\" data-widget_type=\"spacer.default\">\n\t\t\t\t\t\t\t<div class=\"elementor-spacer\">\n\t\t\t<div class=\"elementor-spacer-inner\"><\/div>\n\t\t<\/div>\n\t\t\t\t\t\t<\/div>\n\t\t\t\t\t<\/div>\n\t\t\t\t<\/div>\n\t\t\t\t<\/div>","protected":false},"excerpt":{"rendered":"","protected":false},"author":1,"featured_media":0,"parent":0,"menu_order":0,"comment_status":"closed","ping_status":"closed","template":"","meta":{"_acf_changed":false,"footnotes":""},"class_list":["post-1497","page","type-page","status-publish","hentry"],"acf":[],"yoast_head":"<!-- This site is optimized with the Yoast SEO plugin v27.2 - https:\/\/yoast.com\/product\/yoast-seo-wordpress\/ -->\n<title>T\u00e9rminos de uso - Viventa Real Estate<\/title>\n<meta name=\"robots\" content=\"index, follow, max-snippet:-1, max-image-preview:large, max-video-preview:-1\" \/>\n<link rel=\"canonical\" href=\"https:\/\/viventarealestate.es\/nb\/terminos-de-uso\/\" \/>\n<meta property=\"og:locale\" content=\"nb_NO\" \/>\n<meta property=\"og:type\" content=\"article\" \/>\n<meta property=\"og:title\" content=\"T\u00e9rminos de uso - Viventa Real Estate\" \/>\n<meta property=\"og:url\" content=\"https:\/\/viventarealestate.es\/nb\/terminos-de-uso\/\" \/>\n<meta property=\"og:site_name\" content=\"Viventa Real Estate\" \/>\n<meta property=\"article:modified_time\" content=\"2025-08-11T14:21:07+00:00\" \/>\n<meta property=\"og:image\" content=\"https:\/\/viventarealestate.es\/wp-content\/uploads\/2021\/12\/logo-Photoroom.png\" \/>\n\t<meta property=\"og:image:width\" content=\"1280\" \/>\n\t<meta property=\"og:image:height\" content=\"444\" \/>\n\t<meta property=\"og:image:type\" content=\"image\/png\" \/>\n<meta name=\"twitter:card\" content=\"summary_large_image\" \/>\n<script type=\"application\/ld+json\" class=\"yoast-schema-graph\">{\"@context\":\"https:\/\/schema.org\",\"@graph\":[{\"@type\":\"WebPage\",\"@id\":\"https:\/\/viventarealestate.es\/nl\/terminos-de-uso\/\",\"url\":\"https:\/\/viventarealestate.es\/nl\/terminos-de-uso\/\",\"name\":\"T\u00e9rminos de uso - Viventa Real Estate\",\"isPartOf\":{\"@id\":\"https:\/\/viventarealestate.es\/zh\/#website\"},\"datePublished\":\"2025-08-11T13:33:41+00:00\",\"dateModified\":\"2025-08-11T14:21:07+00:00\",\"breadcrumb\":{\"@id\":\"https:\/\/viventarealestate.es\/nl\/terminos-de-uso\/#breadcrumb\"},\"inLanguage\":\"nb-NO\",\"potentialAction\":[{\"@type\":\"ReadAction\",\"target\":[\"https:\/\/viventarealestate.es\/nl\/terminos-de-uso\/\"]}]},{\"@type\":\"BreadcrumbList\",\"@id\":\"https:\/\/viventarealestate.es\/nl\/terminos-de-uso\/#breadcrumb\",\"itemListElement\":[{\"@type\":\"ListItem\",\"position\":1,\"name\":\"Portada\",\"item\":\"https:\/\/viventarealestate.es\/\"},{\"@type\":\"ListItem\",\"position\":2,\"name\":\"T\u00e9rminos de uso\"}]},{\"@type\":\"WebSite\",\"@id\":\"https:\/\/viventarealestate.es\/zh\/#website\",\"url\":\"https:\/\/viventarealestate.es\/zh\/\",\"name\":\"Viventa Real Estate\",\"description\":\"Empresa inmobiliaria\",\"publisher\":{\"@id\":\"https:\/\/viventarealestate.es\/zh\/#organization\"},\"alternateName\":\"Viviendas de lujo en la Costa Blanca y Villas exclusivas\",\"potentialAction\":[{\"@type\":\"SearchAction\",\"target\":{\"@type\":\"EntryPoint\",\"urlTemplate\":\"https:\/\/viventarealestate.es\/zh\/?s={search_term_string}\"},\"query-input\":{\"@type\":\"PropertyValueSpecification\",\"valueRequired\":true,\"valueName\":\"search_term_string\"}}],\"inLanguage\":\"nb-NO\"},{\"@type\":\"Organization\",\"@id\":\"https:\/\/viventarealestate.es\/zh\/#organization\",\"name\":\"Viventa Real Estate\",\"alternateName\":\"Viventa Real Estate S.L\",\"url\":\"https:\/\/viventarealestate.es\/zh\/\",\"logo\":{\"@type\":\"ImageObject\",\"inLanguage\":\"nb-NO\",\"@id\":\"https:\/\/viventarealestate.es\/zh\/#\/schema\/logo\/image\/\",\"url\":\"https:\/\/viventarealestate.es\/wp-content\/uploads\/2021\/12\/logo-Photoroom.png\",\"contentUrl\":\"https:\/\/viventarealestate.es\/wp-content\/uploads\/2021\/12\/logo-Photoroom.png\",\"width\":1280,\"height\":444,\"caption\":\"Viventa Real Estate\"},\"image\":{\"@id\":\"https:\/\/viventarealestate.es\/zh\/#\/schema\/logo\/image\/\"}}]}<\/script>\n<!-- \/ Yoast SEO plugin. -->","yoast_head_json":{"title":"T\u00e9rminos de uso - Viventa Real Estate","robots":{"index":"index","follow":"follow","max-snippet":"max-snippet:-1","max-image-preview":"max-image-preview:large","max-video-preview":"max-video-preview:-1"},"canonical":"https:\/\/viventarealestate.es\/nb\/terminos-de-uso\/","og_locale":"nb_NO","og_type":"article","og_title":"T\u00e9rminos de uso - Viventa Real Estate","og_url":"https:\/\/viventarealestate.es\/nb\/terminos-de-uso\/","og_site_name":"Viventa Real Estate","article_modified_time":"2025-08-11T14:21:07+00:00","og_image":[{"width":1280,"height":444,"url":"https:\/\/viventarealestate.es\/wp-content\/uploads\/2021\/12\/logo-Photoroom.png","type":"image\/png"}],"twitter_card":"summary_large_image","schema":{"@context":"https:\/\/schema.org","@graph":[{"@type":"WebPage","@id":"https:\/\/viventarealestate.es\/nl\/terminos-de-uso\/","url":"https:\/\/viventarealestate.es\/nl\/terminos-de-uso\/","name":"T\u00e9rminos de uso - Viventa Real Estate","isPartOf":{"@id":"https:\/\/viventarealestate.es\/zh\/#website"},"datePublished":"2025-08-11T13:33:41+00:00","dateModified":"2025-08-11T14:21:07+00:00","breadcrumb":{"@id":"https:\/\/viventarealestate.es\/nl\/terminos-de-uso\/#breadcrumb"},"inLanguage":"nb-NO","potentialAction":[{"@type":"ReadAction","target":["https:\/\/viventarealestate.es\/nl\/terminos-de-uso\/"]}]},{"@type":"BreadcrumbList","@id":"https:\/\/viventarealestate.es\/nl\/terminos-de-uso\/#breadcrumb","itemListElement":[{"@type":"ListItem","position":1,"name":"Portada","item":"https:\/\/viventarealestate.es\/"},{"@type":"ListItem","position":2,"name":"T\u00e9rminos de uso"}]},{"@type":"WebSite","@id":"https:\/\/viventarealestate.es\/zh\/#website","url":"https:\/\/viventarealestate.es\/zh\/","name":"Viventa Real Estate","description":"Empresa inmobiliaria","publisher":{"@id":"https:\/\/viventarealestate.es\/zh\/#organization"},"alternateName":"Viviendas de lujo en la Costa Blanca y Villas exclusivas","potentialAction":[{"@type":"SearchAction","target":{"@type":"EntryPoint","urlTemplate":"https:\/\/viventarealestate.es\/zh\/?s={search_term_string}"},"query-input":{"@type":"PropertyValueSpecification","valueRequired":true,"valueName":"search_term_string"}}],"inLanguage":"nb-NO"},{"@type":"Organization","@id":"https:\/\/viventarealestate.es\/zh\/#organization","name":"Viventa Real Estate","alternateName":"Viventa Real Estate S.L","url":"https:\/\/viventarealestate.es\/zh\/","logo":{"@type":"ImageObject","inLanguage":"nb-NO","@id":"https:\/\/viventarealestate.es\/zh\/#\/schema\/logo\/image\/","url":"https:\/\/viventarealestate.es\/wp-content\/uploads\/2021\/12\/logo-Photoroom.png","contentUrl":"https:\/\/viventarealestate.es\/wp-content\/uploads\/2021\/12\/logo-Photoroom.png","width":1280,"height":444,"caption":"Viventa Real Estate"},"image":{"@id":"https:\/\/viventarealestate.es\/zh\/#\/schema\/logo\/image\/"}}]}},"_links":{"self":[{"href":"https:\/\/viventarealestate.es\/nb\/wp-json\/wp\/v2\/pages\/1497","targetHints":{"allow":["GET"]}}],"collection":[{"href":"https:\/\/viventarealestate.es\/nb\/wp-json\/wp\/v2\/pages"}],"about":[{"href":"https:\/\/viventarealestate.es\/nb\/wp-json\/wp\/v2\/types\/page"}],"author":[{"embeddable":true,"href":"https:\/\/viventarealestate.es\/nb\/wp-json\/wp\/v2\/users\/1"}],"replies":[{"embeddable":true,"href":"https:\/\/viventarealestate.es\/nb\/wp-json\/wp\/v2\/comments?post=1497"}],"version-history":[{"count":13,"href":"https:\/\/viventarealestate.es\/nb\/wp-json\/wp\/v2\/pages\/1497\/revisions"}],"predecessor-version":[{"id":1600,"href":"https:\/\/viventarealestate.es\/nb\/wp-json\/wp\/v2\/pages\/1497\/revisions\/1600"}],"wp:attachment":[{"href":"https:\/\/viventarealestate.es\/nb\/wp-json\/wp\/v2\/media?parent=1497"}],"curies":[{"name":"wp","href":"https:\/\/api.w.org\/{rel}","templated":true}]}}